{"id":638,"date":"2025-05-27T12:44:06","date_gmt":"2025-05-27T12:44:06","guid":{"rendered":"https:\/\/csasociados.com.uy\/rafael_correa_seguros\/?page_id=638"},"modified":"2025-08-01T13:19:21","modified_gmt":"2025-08-01T13:19:21","slug":"glosario","status":"publish","type":"page","link":"https:\/\/csasociados.com.uy\/rafael_correa_seguros\/glosario\/","title":{"rendered":"Glosario"},"content":{"rendered":"\t\t<div data-elementor-type=\"wp-page\" data-elementor-id=\"638\" class=\"elementor elementor-638\">\n\t\t\t\t\t\t<section class=\"elementor-section elementor-top-section elementor-element elementor-element-8c6c025 elementor-section-stretched elementor-section-boxed elementor-section-height-default elementor-section-height-default\" data-id=\"8c6c025\" data-element_type=\"section\" data-settings=\"{&quot;background_background&quot;:&quot;classic&quot;,&quot;stretch_section&quot;:&quot;section-stretched&quot;}\">\n\t\t\t\t\t\t<div class=\"elementor-container elementor-column-gap-default\">\n\t\t\t\t\t<div class=\"elementor-column elementor-col-100 elementor-top-column elementor-element elementor-element-58fd05c\" data-id=\"58fd05c\" data-element_type=\"column\">\n\t\t\t<div class=\"elementor-widget-wrap elementor-element-populated\">\n\t\t\t\t\t\t<div class=\"elementor-element elementor-element-c3c8922 elementor-widget elementor-widget-text-editor\" data-id=\"c3c8922\" data-element_type=\"widget\" data-widget_type=\"text-editor.default\">\n\t\t\t\t<div class=\"elementor-widget-container\">\n\t\t\t\t\t\t\t\t\t<h4><span style=\"color: #008080;\">A) DEFINICIONES GENERALES<\/span><\/h4><p>\u00a0<\/p><p><strong>Accidente:<\/strong> Se define como accidente, a cualquier suceso que es provocado por una acci\u00f3n violenta y repentina ocasionada por un agente externo involuntario, y que da lugar a una lesi\u00f3n corporal o produce da\u00f1os en bienes materiales.<\/p><p><strong>Asegurado:<\/strong> Persona f\u00edsica o jur\u00eddica, titular del inter\u00e9s asegurable en un contrato de seguros. Dicho de otro modo, es quien sufre sobre sus bienes o derechos, el perjuicio econ\u00f3mico a consecuencia de un siniestro; o la persona cuya vida o integridad f\u00edsica se asegura.<\/p><p><strong>Asegurador:<\/strong> Instituci\u00f3n responsable de la emisi\u00f3n del contrato de seguros (condiciones particulares y generales de la p\u00f3liza); as\u00ed como de indemnizar al asegurado, todos los da\u00f1os que correspondan ante un eventual siniestro.<\/p><p><strong>Bonificaci\u00f3n o Bonus:<\/strong> Descuentos que se aplican sobre el costo original, por comportamiento siniestral, alarmas, zona de circulaci\u00f3n, volumen asegurable, etc.<\/p><p><strong>Cobertura del Riesgo:<\/strong> Refiere al tipo de amparo que se incluye en los riesgos asegurados (Incendio, hurto, etc.).<\/p><p><strong>Franquicia(Deducible):<\/strong> Suma de dinero que deber\u00e1 pagar el asegurado a la Compa\u00f1\u00eda, en caso de hacer uso de su p\u00f3liza, siempre y cuando el da\u00f1o de reparaci\u00f3n supere su valor establecido en la p\u00f3liza.<\/p><p><strong>Franquicia (No deducible):<\/strong> Opera similar al caso anterior, con la diferencia que dicha suma no se descuenta del importe a indemnizar, siempre y cuando el da\u00f1o de reparaci\u00f3n supere su valor establecido en la p\u00f3liza.<\/p><p><strong>Endoso:<\/strong> Documento adicional o complementario que modifica informaci\u00f3n del contrato firmado en primera instancia.<\/p><p><strong>Inter\u00e9s Asegurable:<\/strong> El inter\u00e9s asegurable en los seguros de da\u00f1os, es la relaci\u00f3n de car\u00e1cter econ\u00f3mico que une al asegurado con la cosa asegurada y que puede ser afectada en caso de ocurrir un siniestro.<\/p><p><strong>Objeto asegurado:<\/strong> Refiere al tipo de Riesgo a asegurar (edificios, contenidos, cristales, dinero, etc.)<\/p><p><strong>Ocupaci\u00f3n del Riesgo:<\/strong> Refiere al tipo de actividad que ser\u00e1 desarrollada, dentro del Riesgo asegurado.<\/p><p><strong>P\u00f3liza:<\/strong> Refiere al documento que forma parte del contrato de seguros, que se establece entre la Aseguradora y el Cliente solicitante de una cobertura para un determinado Riesgo. En dicha p\u00f3liza de seguros, se establecen condiciones particulares de seguros, mas all\u00e1 de estar sujeta a otras de car\u00e1cter general.<\/p><p><strong>Premio o prima:<\/strong> Costo del seguro sin impuestos.<\/p><p><strong>Premio total o prima total:<\/strong> Costo del seguro con las cargas de emisi\u00f3n e impuestos.<\/p><p><strong>Propuesta de seguros:<\/strong> Refiere al formulario de suscripci\u00f3n que forma parte del contrato, y que deber\u00e1 ser completado con todos los datos del riesgo que se desea asegurar, mas todos los datos del interesado.<\/p><p><strong>Siniestro:<\/strong> Da\u00f1os o lesiones que se producen en bienes o personas, a consecuencia de un hecho accidental.<\/p><p><strong>Tasa o prima:<\/strong> Alicuota que se aplica por ciento o por mil sobre la suma asegurada, para el c\u00e1lculo de costos.<\/p><p><strong>Tomador:<\/strong> Persona f\u00edsica o jur\u00eddica que contrata el seguro al asegurador y se obliga a pagar las primas del seguro. Puede que el Tomador contrate el seguro por cuenta propia y ah\u00ed se convierte en el asegurado; o lo haga por cuenta ajena (o sea el asegurado es otra persona).<\/p><p><em>Fuente: garciahelguera<\/em><\/p>\t\t\t\t\t\t\t\t<\/div>\n\t\t\t\t<\/div>\n\t\t\t\t\t<\/div>\n\t\t<\/div>\n\t\t\t\t\t<\/div>\n\t\t<\/section>\n\t\t\t\t<\/div>\n\t\t","protected":false},"excerpt":{"rendered":"<p>A) DEFINICIONES GENERALES \u00a0 Accidente: Se define como accidente, a cualquier suceso que es provocado por una acci\u00f3n violenta y repentina ocasionada por un agente externo involuntario, y que da lugar a una lesi\u00f3n corporal o produce da\u00f1os en bienes materiales. Asegurado: Persona f\u00edsica o jur\u00eddica, titular del inter\u00e9s asegurable en un contrato de seguros. [&hellip;]<\/p>\n","protected":false},"author":2,"featured_media":0,"parent":0,"menu_order":0,"comment_status":"closed","ping_status":"closed","template":"","meta":{"om_disable_all_campaigns":false,"_monsterinsights_skip_tracking":false,"_monsterinsights_sitenote_active":false,"_monsterinsights_sitenote_note":"","_monsterinsights_sitenote_category":0,"footnotes":""},"class_list":["post-638","page","type-page","status-publish","hentry"],"aioseo_notices":[],"_links":{"self":[{"href":"https:\/\/csasociados.com.uy\/rafael_correa_seguros\/wp-json\/wp\/v2\/pages\/638","targetHints":{"allow":["GET"]}}],"collection":[{"href":"https:\/\/csasociados.com.uy\/rafael_correa_seguros\/wp-json\/wp\/v2\/pages"}],"about":[{"href":"https:\/\/csasociados.com.uy\/rafael_correa_seguros\/wp-json\/wp\/v2\/types\/page"}],"author":[{"embeddable":true,"href":"https:\/\/csasociados.com.uy\/rafael_correa_seguros\/wp-json\/wp\/v2\/users\/2"}],"replies":[{"embeddable":true,"href":"https:\/\/csasociados.com.uy\/rafael_correa_seguros\/wp-json\/wp\/v2\/comments?post=638"}],"version-history":[{"count":10,"href":"https:\/\/csasociados.com.uy\/rafael_correa_seguros\/wp-json\/wp\/v2\/pages\/638\/revisions"}],"predecessor-version":[{"id":688,"href":"https:\/\/csasociados.com.uy\/rafael_correa_seguros\/wp-json\/wp\/v2\/pages\/638\/revisions\/688"}],"wp:attachment":[{"href":"https:\/\/csasociados.com.uy\/rafael_correa_seguros\/wp-json\/wp\/v2\/media?parent=638"}],"curies":[{"name":"wp","href":"https:\/\/api.w.org\/{rel}","templated":true}]}}