{"id":639,"date":"2025-05-27T12:45:24","date_gmt":"2025-05-27T12:45:24","guid":{"rendered":"https:\/\/csasociados.com.uy\/rafael_correa_seguros\/?page_id=639"},"modified":"2025-05-27T12:52:57","modified_gmt":"2025-05-27T12:52:57","slug":"nuestros-servicios","status":"publish","type":"page","link":"https:\/\/csasociados.com.uy\/rafael_correa_seguros\/nuestros-servicios\/","title":{"rendered":"Nuestros Servicios"},"content":{"rendered":"\t\t<div data-elementor-type=\"wp-page\" data-elementor-id=\"639\" class=\"elementor elementor-639\">\n\t\t\t\t\t\t<section class=\"elementor-section elementor-top-section elementor-element elementor-element-5b2ad1da elementor-section-stretched elementor-section-boxed elementor-section-height-default elementor-section-height-default\" data-id=\"5b2ad1da\" data-element_type=\"section\" data-settings=\"{&quot;background_background&quot;:&quot;classic&quot;,&quot;stretch_section&quot;:&quot;section-stretched&quot;}\">\n\t\t\t\t\t\t<div class=\"elementor-container elementor-column-gap-default\">\n\t\t\t\t\t<div class=\"elementor-column elementor-col-100 elementor-top-column elementor-element elementor-element-337e9c6f\" data-id=\"337e9c6f\" data-element_type=\"column\">\n\t\t\t<div class=\"elementor-widget-wrap elementor-element-populated\">\n\t\t\t\t\t\t<div class=\"elementor-element elementor-element-990b44a elementor-widget elementor-widget-text-editor\" data-id=\"990b44a\" data-element_type=\"widget\" data-widget_type=\"text-editor.default\">\n\t\t\t\t<div class=\"elementor-widget-container\">\n\t\t\t\t\t\t\t\t\t<p><\/p>\n<h3 class=\"wp-block-heading\"><span style=\"color: #008080;\">\u00bfQu\u00e9 servicios ofrecemos?<br \/><\/span><\/h3>\n<p>\u00a0<\/p>\n<p><\/p>\n<p>Actualmente, en el mercado asegurador existen distintas compa\u00f1\u00edas que ofrecen una gran cantidad de productos y p\u00f3lizas para sus clientes. Aunque esto es algo muy positivo, al mismo tiempo puede dificultar la compra de un seguro, ya que, entre tantas opciones, es complicado saber cu\u00e1l es la mejor.<\/p>\n<p><\/p>\n<p>De esta cuenta, para elegir el producto ideal, es indispensable buscar la asesor\u00eda de un corredor de seguros con amplia experiencia. Tener toda la informaci\u00f3n clara y saber qu\u00e9 aspectos se deben evaluar en un seguro, es clave al momento de adquirirlo, pero tambi\u00e9n al momento de hacer que la p\u00f3liza se cumpla.<\/p>\n<p><\/p>\n<p><strong>Los servicios que un corredor de seguros puede ofrecer, garantizan que la compra de un seguro sea una inversi\u00f3n y no un gasto:<\/strong><\/p>\n<p>\u00a0<\/p>\n<p><\/p>\n<h4><strong>Asesor\u00eda integral y personalizada:<\/strong><\/h4>\n<p>Un corredor ofrece una asesor\u00eda imparcial e independiente, que abarca desde la compra del seguro hasta su cumplimiento. A trav\u00e9s de un trato personal y directo, da claridad en los aspectos importantes de la p\u00f3liza y es capaz de encontrar el seguro ideal, de acuerdo a las condiciones de costo \/ beneficio m\u00e1s ventajosas para el cliente.<br \/>Representaci\u00f3n frente a las aseguradoras: Un corredor de seguros act\u00faa como representante del asegurado ante la compa\u00f1\u00eda aseguradora, velando por sus intereses y derechos. Es as\u00ed como realiza todas las gestiones y reclamos necesarios para conseguir las mejores condiciones a sus clientes y garantizar que la p\u00f3liza se cumpla.<br \/><br \/><\/p>\n<p><\/p>\n<h4><strong>Administraci\u00f3n de seguros: <\/strong><\/h4>\n<p>Los seguros adquiridos pueden ser administrados por un corredor. Este servicio le permite al cliente llevar un mejor control para revisar el resumen de sus seguros, aunque los mismos se encuentren en diferentes pa\u00edses. El corredor puede encargarse del manejo de renovaciones, recordatorios de pago y, en la eventualidad de un siniestro, apoyar a su cliente para la presentaci\u00f3n ante la compa\u00f1\u00eda de seguros.<br \/><br \/><\/p>\n<p><\/p>\n<h4><strong>An\u00e1lisis de riesgos: <\/strong><\/h4>\n<p>Un corredor de seguros experto, puede hacer estudios individuales para determinar la vulnerabilidad de su cliente ante los posibles riesgos a los que est\u00e9 expuesto. Gracias a esto, logra una inversi\u00f3n que le permite al cliente aprovechar al m\u00e1ximo los beneficios de su seguro.<br \/>Muchas personas evitan contratar los servicios de un profesional, pues lo consideran un gasto adicional que puede elevar el costo del seguro. Sin embargo, es todo lo contrario: con la asesor\u00eda de un corredor de seguros experto, se logra una inversi\u00f3n mucho m\u00e1s eficiente y se evitan gastos innecesarios.<\/p>\n<p><\/p>\n<p>Fuente: s<em>omit<\/em><\/p>\n<p><\/p>\t\t\t\t\t\t\t\t<\/div>\n\t\t\t\t<\/div>\n\t\t\t\t\t<\/div>\n\t\t<\/div>\n\t\t\t\t\t<\/div>\n\t\t<\/section>\n\t\t\t\t<\/div>\n\t\t","protected":false},"excerpt":{"rendered":"<p>\u00bfQu\u00e9 servicios ofrecemos? \u00a0 Actualmente, en el mercado asegurador existen distintas compa\u00f1\u00edas que ofrecen una gran cantidad de productos y p\u00f3lizas para sus clientes. Aunque esto es algo muy positivo, al mismo tiempo puede dificultar la compra de un seguro, ya que, entre tantas opciones, es complicado saber cu\u00e1l es la mejor. De esta cuenta, [&hellip;]<\/p>\n","protected":false},"author":2,"featured_media":0,"parent":0,"menu_order":0,"comment_status":"closed","ping_status":"closed","template":"","meta":{"om_disable_all_campaigns":false,"_monsterinsights_skip_tracking":false,"_monsterinsights_sitenote_active":false,"_monsterinsights_sitenote_note":"","_monsterinsights_sitenote_category":0,"footnotes":""},"class_list":["post-639","page","type-page","status-publish","hentry"],"aioseo_notices":[],"_links":{"self":[{"href":"https:\/\/csasociados.com.uy\/rafael_correa_seguros\/wp-json\/wp\/v2\/pages\/639","targetHints":{"allow":["GET"]}}],"collection":[{"href":"https:\/\/csasociados.com.uy\/rafael_correa_seguros\/wp-json\/wp\/v2\/pages"}],"about":[{"href":"https:\/\/csasociados.com.uy\/rafael_correa_seguros\/wp-json\/wp\/v2\/types\/page"}],"author":[{"embeddable":true,"href":"https:\/\/csasociados.com.uy\/rafael_correa_seguros\/wp-json\/wp\/v2\/users\/2"}],"replies":[{"embeddable":true,"href":"https:\/\/csasociados.com.uy\/rafael_correa_seguros\/wp-json\/wp\/v2\/comments?post=639"}],"version-history":[{"count":4,"href":"https:\/\/csasociados.com.uy\/rafael_correa_seguros\/wp-json\/wp\/v2\/pages\/639\/revisions"}],"predecessor-version":[{"id":658,"href":"https:\/\/csasociados.com.uy\/rafael_correa_seguros\/wp-json\/wp\/v2\/pages\/639\/revisions\/658"}],"wp:attachment":[{"href":"https:\/\/csasociados.com.uy\/rafael_correa_seguros\/wp-json\/wp\/v2\/media?parent=639"}],"curies":[{"name":"wp","href":"https:\/\/api.w.org\/{rel}","templated":true}]}}